{"id":7,"date":"2017-06-12T12:01:07","date_gmt":"2017-06-12T10:01:07","guid":{"rendered":"http:\/\/tim-stelzer.de\/timschraubtbass\/?page_id=7"},"modified":"2017-11-13T13:15:20","modified_gmt":"2017-11-13T12:15:20","slug":"startseite","status":"publish","type":"page","link":"https:\/\/timschraubtbass.tim-stelzer.de\/?page_id=7","title":{"rendered":"Bass, Bass, wir brauchen Bass!"},"content":{"rendered":"<p>Kurz nach Ostern 2017 war ich in einem sehr gro\u00dfen Musikaliengesch\u00e4ft in der N\u00e4he von M\u00fcnster. Meine Familie war mit und sogar ein bisschen geduldig. Ich testete einen <a href=\"https:\/\/www.musik-produktiv.de\/dingwall-combustion-nt.html\">Bass<\/a> und war schon fast soweit, ihn zu kaufen. Da sagte mein Sohn: \u201dSo einen hast du doch schon, Papa!\u201d* Und dann sagte meine Frau: \u201dDu wolltest dir doch eigentlich mal einen Bass selber bauen. Das ist doch viel cooler.\u201d<\/p>\n<p style=\"text-align: left;\"><strong>Merke: Wer die Familie in sehr gro\u00dfe Musikaliengesch\u00e4fte mitnimmt, k\u00f6nnte davon kurzfristig gefrustet sein. Und langfristig profitieren.<\/strong><\/p>\n<p>Also nahm ich mir meinen schon vor l\u00e4ngerer Zeit zusammengestellten Warenkorb bei <a href=\"http:\/\/www.bassparts.de\">BassParts.de<\/a> vor. Und tauschte mich mit der sehr hilfreichen Martina Ziesemann aus, die den Shop betreut. Ein paar E-Mails sp\u00e4ter bestellte ich dann die Teile f\u00fcr den E-Bass, den ich mir selbst zusammenschrauben m\u00f6chte. Und jetzt geht&#8217;s los.<\/p>\n<p><em>*Ich besitze bereits eine Menge B\u00e4sse, das stimmt. Einen Dingwall allerdings nicht. Dass dieser f\u00fcr ein ungeschultes Auge meinem Fender Jazz Bass\u00a0(s. u.) ein bisschen \u00e4hnlich sieht, ist jedoch nicht zu leugnen.<\/em><\/p>\n<p><a href=\"http:\/\/tim-stelzer.de\/timschraubtbass\/wp-content\/uploads\/2017\/06\/IMG_8544.jpg\"><img loading=\"lazy\" decoding=\"async\" data-attachment-id=\"45\" data-permalink=\"https:\/\/timschraubtbass.tim-stelzer.de\/?attachment_id=45\" data-orig-file=\"https:\/\/timschraubtbass.tim-stelzer.de\/wp-content\/uploads\/2017\/06\/IMG_8544-e1517826880665.jpg\" data-orig-size=\"1600,500\" data-comments-opened=\"1\" data-image-meta=\"{&quot;aperture&quot;:&quot;2.2&quot;,&quot;credit&quot;:&quot;&quot;,&quot;camera&quot;:&quot;iPhone 6s&quot;,&quot;caption&quot;:&quot;&quot;,&quot;created_timestamp&quot;:&quot;1482919927&quot;,&quot;copyright&quot;:&quot;&quot;,&quot;focal_length&quot;:&quot;4.15&quot;,&quot;iso&quot;:&quot;250&quot;,&quot;shutter_speed&quot;:&quot;0.058823529411765&quot;,&quot;title&quot;:&quot;&quot;,&quot;orientation&quot;:&quot;0&quot;}\" data-image-title=\"IMG_8544\" data-image-description=\"\" data-image-caption=\"\" data-large-file=\"https:\/\/timschraubtbass.tim-stelzer.de\/wp-content\/uploads\/2017\/06\/IMG_8544-1024x320.jpg\" class=\"alignnone size-large wp-image-45\" src=\"http:\/\/tim-stelzer.de\/timschraubtbass\/wp-content\/uploads\/2017\/06\/IMG_8544-1024x320.jpg\" alt=\"\" width=\"525\" height=\"164\" \/><\/a><\/p>\n<p>&nbsp;<\/p>\n","protected":false},"excerpt":{"rendered":"<p>Kurz nach Ostern 2017 war ich in einem sehr gro\u00dfen Musikaliengesch\u00e4ft in der N\u00e4he von M\u00fcnster. Meine Familie war mit und sogar ein bisschen geduldig. Ich testete einen Bass und war schon fast soweit, ihn zu kaufen. Da sagte mein Sohn: \u201dSo einen hast du doch schon, Papa!\u201d* Und dann sagte meine Frau: \u201dDu wolltest &hellip; <\/p>\n<p class=\"link-more\"><a href=\"https:\/\/timschraubtbass.tim-stelzer.de\/?page_id=7\" class=\"more-link\"><span class=\"screen-reader-text\">\u201eBass, Bass, wir brauchen Bass!\u201c <\/span>weiterlesen<\/a><\/p>\n","protected":false},"author":1,"featured_media":0,"parent":0,"menu_order":0,"comment_status":"closed","ping_status":"closed","template":"","meta":{"jetpack_post_was_ever_published":false,"footnotes":""},"class_list":["post-7","page","type-page","status-publish","hentry"],"jetpack_sharing_enabled":true,"jetpack_shortlink":"https:\/\/wp.me\/P8SMry-7","jetpack-related-posts":[{"id":1361,"url":"https:\/\/timschraubtbass.tim-stelzer.de\/?page_id=1361","url_meta":{"origin":7,"position":0},"title":"Datenschutzerkl\u00e4rung","author":"timschraubtbass","date":"30. Mai 2018","format":false,"excerpt":"Wer ich bin Die Adresse meiner Website ist: http:\/\/tim-stelzer.de\/timschraubtbass. Welche personenbezogenen Daten ich sammle und warum ich sie sammle Kommentare Wenn Besucher Kommentare auf der Website schreiben, sammle ich die Daten, die im Kommentar-Formular angezeigt werden, au\u00dferdem die IP-Adresse des Besuchers und den User-Agent-String (damit wird der Browser identifiziert), um\u2026","rel":"","context":"\u00c4hnlicher Beitrag","block_context":{"text":"\u00c4hnlicher Beitrag","link":""},"img":{"alt_text":"","src":"","width":0,"height":0},"classes":[]},{"id":8,"url":"https:\/\/timschraubtbass.tim-stelzer.de\/?page_id=8","url_meta":{"origin":7,"position":1},"title":"\u00dcBER MICH","author":"timschraubtbass","date":"12. Juni 2017","format":false,"excerpt":"Mein Name ist Tim Stelzer. Ich lebe mit meiner Familie in M\u00fcnster und arbeite selbst\u00e4ndig als Werbetexter. Ich bin handwerklich wenig vorbelastet (um nicht zu sagen: total untalentiert \u2013 denn das werden wir ja schlie\u00dflich noch sehen!), spiele aber seit 30 Jahren Bass und Gitarre. Muss ja auch f\u00fcr was\u2026","rel":"","context":"\u00c4hnlicher Beitrag","block_context":{"text":"\u00c4hnlicher Beitrag","link":""},"img":{"alt_text":"","src":"https:\/\/i0.wp.com\/tim-stelzer.de\/timschraubtbass\/wp-content\/uploads\/2017\/06\/IMG_8560-1024x290.jpg?resize=350%2C200","width":350,"height":200,"srcset":"https:\/\/i0.wp.com\/tim-stelzer.de\/timschraubtbass\/wp-content\/uploads\/2017\/06\/IMG_8560-1024x290.jpg?resize=350%2C200 1x, https:\/\/i0.wp.com\/tim-stelzer.de\/timschraubtbass\/wp-content\/uploads\/2017\/06\/IMG_8560-1024x290.jpg?resize=525%2C300 1.5x"},"classes":[]},{"id":1122,"url":"https:\/\/timschraubtbass.tim-stelzer.de\/?page_id=1122","url_meta":{"origin":7,"position":2},"title":"SCHRAUBEN KOMPAKT","author":"timschraubtbass","date":"10. Januar 2018","format":false,"excerpt":"In 15 Schritten zum Wunschbass Der Weg zu meinem selbst geschraubten Precision Bass hatte nat\u00fcrlich ein paar mehr Stationen als hier zusammengefasst. Aber dieser \u00dcberblick zeigt die wichtigsten Schritte. Sieht alles gar nicht so schwer aus. Ist es eigentlich auch nicht \u2013 aber hinterher schraubt man immer schlauer. ;-) Die\u2026","rel":"","context":"\u00c4hnlicher Beitrag","block_context":{"text":"\u00c4hnlicher Beitrag","link":""},"img":{"alt_text":"","src":"https:\/\/i0.wp.com\/tim-stelzer.de\/timschraubtbass\/wp-content\/uploads\/2017\/07\/img_9920-727x1024.jpg?resize=350%2C200","width":350,"height":200,"srcset":"https:\/\/i0.wp.com\/tim-stelzer.de\/timschraubtbass\/wp-content\/uploads\/2017\/07\/img_9920-727x1024.jpg?resize=350%2C200 1x, https:\/\/i0.wp.com\/tim-stelzer.de\/timschraubtbass\/wp-content\/uploads\/2017\/07\/img_9920-727x1024.jpg?resize=525%2C300 1.5x"},"classes":[]},{"id":1284,"url":"https:\/\/timschraubtbass.tim-stelzer.de\/?page_id=1284","url_meta":{"origin":7,"position":3},"title":"Impressum","author":"timschraubtbass","date":"8. Februar 2018","format":false,"excerpt":"Impressum: Text und Konzept: Tim Stelzer \/\u00a0G\u00f6rresstra\u00dfe 14 \/ 48147 M\u00fcnster Rechtliche Hinweise \/ Disclaimer 1. Inhalt des Onlineangebotes Der Autor \u00fcbernimmt keinerlei Gew\u00e4hr f\u00fcr die Aktualit\u00e4t, Korrektheit, Vollst\u00e4ndigkeit oder Qualit\u00e4t der bereitgestellten Informationen. Haftungsanspr\u00fcche gegen den Autor, welche sich auf Sch\u00e4den materieller oder ideeller Art beziehen, die durch die\u2026","rel":"","context":"\u00c4hnlicher Beitrag","block_context":{"text":"\u00c4hnlicher Beitrag","link":""},"img":{"alt_text":"","src":"","width":0,"height":0},"classes":[]}],"_links":{"self":[{"href":"https:\/\/timschraubtbass.tim-stelzer.de\/index.php?rest_route=\/wp\/v2\/pages\/7","targetHints":{"allow":["GET"]}}],"collection":[{"href":"https:\/\/timschraubtbass.tim-stelzer.de\/index.php?rest_route=\/wp\/v2\/pages"}],"about":[{"href":"https:\/\/timschraubtbass.tim-stelzer.de\/index.php?rest_route=\/wp\/v2\/types\/page"}],"author":[{"embeddable":true,"href":"https:\/\/timschraubtbass.tim-stelzer.de\/index.php?rest_route=\/wp\/v2\/users\/1"}],"replies":[{"embeddable":true,"href":"https:\/\/timschraubtbass.tim-stelzer.de\/index.php?rest_route=%2Fwp%2Fv2%2Fcomments&post=7"}],"version-history":[{"count":14,"href":"https:\/\/timschraubtbass.tim-stelzer.de\/index.php?rest_route=\/wp\/v2\/pages\/7\/revisions"}],"predecessor-version":[{"id":949,"href":"https:\/\/timschraubtbass.tim-stelzer.de\/index.php?rest_route=\/wp\/v2\/pages\/7\/revisions\/949"}],"wp:attachment":[{"href":"https:\/\/timschraubtbass.tim-stelzer.de\/index.php?rest_route=%2Fwp%2Fv2%2Fmedia&parent=7"}],"curies":[{"name":"wp","href":"https:\/\/api.w.org\/{rel}","templated":true}]}}